{"id":2554,"date":"2024-07-08T15:49:17","date_gmt":"2024-07-08T13:49:17","guid":{"rendered":"https:\/\/www.pontdardaix.com\/der-campingplatz\/"},"modified":"2025-12-05T14:22:43","modified_gmt":"2025-12-05T13:22:43","slug":"der-campingplatz","status":"publish","type":"page","link":"https:\/\/www.pontdardaix.com\/de\/der-campingplatz\/","title":{"rendered":"Der Campingplatz"},"content":{"rendered":"\n<div class=\"wp-block-cover alignfull page-cover\" style=\"margin-top:0px;margin-bottom:6vh;min-height:800px;aspect-ratio:unset;\"><span aria-hidden=\"true\" class=\"wp-block-cover__background has-background-dim-100 has-background-dim wp-block-cover__gradient-background has-background-gradient has-theme-dark-transparent-gradient-background\"><\/span><img loading=\"lazy\" decoding=\"async\" width=\"2048\" height=\"1536\" class=\"wp-block-cover__image-background wp-image-2518\" alt=\"\" src=\"https:\/\/www.pontdardaix.com\/wp-content\/uploads\/servicios-09-1.webp\" data-object-fit=\"cover\" srcset=\"https:\/\/www.pontdardaix.com\/wp-content\/uploads\/servicios-09-1.webp 2048w, https:\/\/www.pontdardaix.com\/wp-content\/uploads\/servicios-09-1-1024x768.webp 1024w, https:\/\/www.pontdardaix.com\/wp-content\/uploads\/servicios-09-1-768x576.webp 768w, https:\/\/www.pontdardaix.com\/wp-content\/uploads\/servicios-09-1-1536x1152.webp 1536w, https:\/\/www.pontdardaix.com\/wp-content\/uploads\/servicios-09-1-512x384.webp 512w, https:\/\/www.pontdardaix.com\/wp-content\/uploads\/servicios-09-1-256x192.webp 256w\" sizes=\"auto, (max-width: 2048px) 100vw, 2048px\" \/><div class=\"wp-block-cover__inner-container is-layout-constrained wp-block-cover-is-layout-constrained\">\n<div class=\"wp-block-group alignwide has-link-color wp-elements-31bf8cda583711043a1d0a4589896312 is-vertical is-layout-flex wp-container-core-group-is-layout-5f9f5280 wp-block-group-is-layout-flex\">\n<p class=\"animation--init--once slide-right has-theme-green-color has-text-color has-link-color has-h-4-font-size wp-elements-e57b58509fbf72b6f10941b20899768e\" style=\"text-transform:uppercase\">Pont d&#8217;Ardaix<\/p>\n\n\n\n<p class=\"cover-title animation--init--once slide-right delay-1 has-dm-serif-display-font-family\">Der Campingplatz<\/p>\n\n\n\n<div class=\"wp-block-buttons is-layout-flex wp-block-buttons-is-layout-flex\" style=\"padding-top:1rem;padding-bottom:2rem\">\n<div class=\"wp-block-button animation--init--once slide-right\" style=\"text-transform:uppercase\"><a class=\"wp-block-button__link has-theme-dark-grey-color has-theme-yellow-background-color has-text-color has-background has-link-color wp-element-button\" href=\"https:\/\/reservation.secureholiday.net\/de\/3817\/\" target=\"_blank\" rel=\"noreferrer noopener\">Reservieren<\/a><\/div>\n<\/div>\n\n\n<div class=\"yoast-breadcrumbs animation--init--once slide-right delay-2\"><span><span><a href=\"https:\/\/www.pontdardaix.com\/de\/startseite\/\">Inicio<\/a><\/span> \u00bb <span class=\"breadcrumb_last\" aria-current=\"page\">Der Campingplatz<\/span><\/span><\/div><\/div>\n\n\n\n<div class=\"wp-block-group alignfull booking-container is-layout-constrained wp-block-group-is-layout-constrained\">\n<div class=\"wp-block-group alignwide booking-wrapper is-vertical is-content-justification-stretch is-layout-flex wp-container-core-group-is-layout-bdb599bc wp-block-group-is-layout-flex\">\n<div class=\"wp-block-buttons show-booking-link-container is-content-justification-center is-layout-flex wp-container-core-buttons-is-layout-f78c5dac wp-block-buttons-is-layout-flex\" style=\"margin-top:0px;margin-bottom:0px\">\n<div class=\"wp-block-button has-custom-width wp-block-button__width-100 show-booking-link\" style=\"text-transform:uppercase\"><a class=\"wp-block-button__link has-theme-yellow-background-color has-background has-text-align-center wp-element-button\">Reservas<\/a><\/div>\n<\/div>\n\n\n<script>\n            document.addEventListener('DOMContentLoaded', function () {\n\n                var widget = new MasterWidget('widgetBookingContainer5851', {\n                    lang: 'de',idProperty: '481',class: 'widget_columns',target: '_blank',dropdown: true,\n                    url: 'https:\/\/booking.pontdardaix.com'\n                });\n\n\n            });\n\n            <\/script><div id=\"widgetBookingContainer5851\"> <\/div>\n<\/div>\n<\/div>\n<\/div><\/div>\n\n<div class=\"wp-block-group heading-module is-vertical is-content-justification-center is-layout-flex wp-container-core-group-is-layout-f1874bff wp-block-group-is-layout-flex\" style=\"margin-bottom:6vh\">\n<p class=\"has-text-align-center script animation--init--once slide-up has-theme-secondary-color has-text-color has-link-color has-khaki-font-family wp-elements-00b623cfb179fda2140608645eb106f2\">Pont d&#8217;Ardaix<\/p>\n\n\n\n<h1 class=\"wp-block-heading has-text-align-center animation--init--once slide-up custom-heading\" style=\"margin-bottom:2vh\">Der Campingplatz<\/h1>\n\n\n\n<p class=\"has-text-align-center animation--init--once slide-up heading-text has-h-4-font-size\" style=\"margin-bottom:4vh\">Auf unserem Campingplatz ist jeder Tag ein neues Abenteuer voller Lachen und unvergesslicher Momente.<\/p>\n\n\n\n<div class=\"wp-block-buttons is-layout-flex wp-block-buttons-is-layout-flex\">\n<div class=\"wp-block-button is-style-outline animation--init--once slide-up is-style-outline--1\"><a class=\"wp-block-button__link has-theme-white-color has-theme-primary-background-color has-text-color has-background has-link-color wp-element-button\" href=\"https:\/\/www.pontdardaix.com\/wp-content\/uploads\/tarifes-pont-d-ardaix.pdf\" target=\"_blank\" rel=\"noreferrer noopener animation--init--once slide-up\">Gutscheine f\u00fcr Langzeitaufenthalte und Grundst\u00fcckspreise 2025<\/a><\/div>\n\n\n\n<div class=\"wp-block-button animation--init--once slide-up delay-2 is-style-fill\"><a class=\"wp-block-button__link has-theme-primary-color has-theme-secondary-background-color has-text-color has-background has-link-color has-border-color has-theme-green-border-color wp-element-button\" href=\"https:\/\/www.pontdardaix.com\/de\/der-campingplatz\/galerie\/\">Sehen Sie sich die Galerie an<\/a><\/div>\n<\/div>\n<\/div>\n\n<div class=\"wp-block-media-text alignfull is-stacked-on-mobile media-wide animation--init--once\" style=\"margin-bottom:0px\"><figure class=\"wp-block-media-text__media\"><img loading=\"lazy\" decoding=\"async\" width=\"2048\" height=\"1536\" src=\"https:\/\/www.pontdardaix.com\/wp-content\/uploads\/restaurante-03-1.webp\" alt=\"\" class=\"wp-image-2341 size-full\" srcset=\"https:\/\/www.pontdardaix.com\/wp-content\/uploads\/restaurante-03-1.webp 2048w, https:\/\/www.pontdardaix.com\/wp-content\/uploads\/restaurante-03-1-1024x768.webp 1024w, https:\/\/www.pontdardaix.com\/wp-content\/uploads\/restaurante-03-1-768x576.webp 768w, https:\/\/www.pontdardaix.com\/wp-content\/uploads\/restaurante-03-1-1536x1152.webp 1536w, https:\/\/www.pontdardaix.com\/wp-content\/uploads\/restaurante-03-1-512x384.webp 512w, https:\/\/www.pontdardaix.com\/wp-content\/uploads\/restaurante-03-1-256x192.webp 256w\" sizes=\"auto, (max-width: 2048px) 100vw, 2048px\" \/><\/figure><div class=\"wp-block-media-text__content\">\n<div class=\"wp-block-group is-vertical is-layout-flex wp-container-core-group-is-layout-fe9cc265 wp-block-group-is-layout-flex\">\n<div class=\"wp-block-group animation--init--once slide-left is-vertical is-layout-flex wp-container-core-group-is-layout-5f9f5280 wp-block-group-is-layout-flex\">\n<p class=\"has-theme-secondary-color has-text-color has-link-color has-khaki-font-family has-h-4-font-size wp-elements-9b9b0560794f07d3c7b93cbec088d204\">Der Campingplatz<\/p>\n\n\n\n<h3 class=\"wp-block-heading\">Pont d&#8217;Ardaix Restaurante<\/h3>\n<\/div>\n\n\n\n<p class=\"animation--init--once slide-left has-theme-grey-color has-text-color has-link-color wp-elements-a5fad76b7ed1e0627919169561988d35\">Kommen Sie und genie\u00dfen Sie eine gem\u00fctliche Atmosph\u00e4re, umgeben von einer atemberaubenden Aussicht und dem warmen Duft der K\u00fcche. Im Restaurant Pont D&#8217;Ardaix verw\u00f6hnen wir nicht nur Ihren K\u00f6rper, sondern auch Ihre Seele. Wir warten darauf, dass Sie ein unvergessliches gastronomisches Erlebnis erleben!  <\/p>\n\n\n\n<div class=\"wp-block-buttons is-layout-flex wp-block-buttons-is-layout-flex\">\n<div class=\"wp-block-button\"><a class=\"wp-block-button__link has-theme-primary-background-color has-background wp-element-button\" href=\"https:\/\/www.pontdardaix.com\/de\/der-campingplatz\/restaurant\/\">Mehr lesen<\/a><\/div>\n<\/div>\n<\/div>\n<\/div><\/div>\n\n<div class=\"wp-block-media-text alignfull has-media-on-the-right is-stacked-on-mobile media-wide animation--init--once\" style=\"margin-top:0px;margin-bottom:0px\"><div class=\"wp-block-media-text__content\">\n<div class=\"wp-block-group is-vertical is-layout-flex wp-container-core-group-is-layout-fe9cc265 wp-block-group-is-layout-flex\">\n<div class=\"wp-block-group animation--init--once slide-right is-vertical is-layout-flex wp-container-core-group-is-layout-5f9f5280 wp-block-group-is-layout-flex\">\n<p class=\"has-theme-secondary-color has-text-color has-link-color has-khaki-font-family has-h-4-font-size wp-elements-9e273e25a7b4c7ff23e36742dc67a981\">Einrichtungen<\/p>\n\n\n\n<h3 class=\"wp-block-heading\">Dienstleistungen<\/h3>\n<\/div>\n\n\n\n<p class=\"has-text-align-left animation--init--once slide-right\">Auf unserem Campingplatz sind Spa\u00df und Unterhaltung f\u00fcr die ganze Familie garantiert.<\/p>\n\n\n\n<div class=\"wp-block-buttons animation--init--once slide-right is-layout-flex wp-block-buttons-is-layout-flex\">\n<div class=\"wp-block-button\"><a class=\"wp-block-button__link has-theme-primary-background-color has-background wp-element-button\" href=\"https:\/\/www.pontdardaix.com\/de\/der-campingplatz\/dienstleistungen\/\">Mehr lesen<\/a><\/div>\n<\/div>\n<\/div>\n<\/div><figure class=\"wp-block-media-text__media\"><img loading=\"lazy\" decoding=\"async\" width=\"2048\" height=\"1536\" src=\"https:\/\/www.pontdardaix.com\/wp-content\/uploads\/servicios-06-1.webp\" alt=\"\" class=\"wp-image-2503 size-full\" srcset=\"https:\/\/www.pontdardaix.com\/wp-content\/uploads\/servicios-06-1.webp 2048w, https:\/\/www.pontdardaix.com\/wp-content\/uploads\/servicios-06-1-1024x768.webp 1024w, https:\/\/www.pontdardaix.com\/wp-content\/uploads\/servicios-06-1-768x576.webp 768w, https:\/\/www.pontdardaix.com\/wp-content\/uploads\/servicios-06-1-1536x1152.webp 1536w, https:\/\/www.pontdardaix.com\/wp-content\/uploads\/servicios-06-1-512x384.webp 512w, https:\/\/www.pontdardaix.com\/wp-content\/uploads\/servicios-06-1-256x192.webp 256w\" sizes=\"auto, (max-width: 2048px) 100vw, 2048px\" \/><\/figure><\/div>\n","protected":false},"excerpt":{"rendered":"<p>Pont d&#8217;Ardaix Der Campingplatz Auf unserem Campingplatz ist jeder Tag ein neues Abenteuer voller Lachen und unvergesslicher Momente.<\/p>\n","protected":false},"author":2,"featured_media":0,"parent":0,"menu_order":3,"comment_status":"closed","ping_status":"closed","template":"","meta":{"_acf_changed":false,"inline_featured_image":false,"footnotes":""},"class_list":["post-2554","page","type-page","status-publish","hentry"],"acf":[],"yoast_head":"<!-- This site is optimized with the Yoast SEO plugin v25.8 - https:\/\/yoast.com\/wordpress\/plugins\/seo\/ -->\n<title>Der Campingplatz - Camping Pont d&#039;Ardaix<\/title>\n<meta name=\"description\" content=\"Pont d&#039;Ardaix Der Campingplatz Reservieren Pont d&#039;Ardaix Der Campingplatz Auf unserem Campingplatz ist jeder Tag ein neues Abenteuer voller Lachen und\" \/>\n<meta name=\"robots\" content=\"index, follow, max-snippet:-1, max-image-preview:large, max-video-preview:-1\" \/>\n<link rel=\"canonical\" href=\"https:\/\/www.pontdardaix.com\/de\/der-campingplatz\/\" \/>\n<meta property=\"og:locale\" content=\"de_DE\" \/>\n<meta property=\"og:type\" content=\"article\" \/>\n<meta property=\"og:title\" content=\"Der Campingplatz - Camping Pont d&#039;Ardaix\" \/>\n<meta property=\"og:description\" content=\"Pont d&#039;Ardaix Der Campingplatz Reservieren Pont d&#039;Ardaix Der Campingplatz Auf unserem Campingplatz ist jeder Tag ein neues Abenteuer voller Lachen und\" \/>\n<meta property=\"og:url\" content=\"https:\/\/www.pontdardaix.com\/de\/der-campingplatz\/\" \/>\n<meta property=\"og:site_name\" content=\"Pont d&#039;Ardaix\" \/>\n<meta property=\"article:modified_time\" content=\"2025-12-05T13:22:43+00:00\" \/>\n<meta property=\"og:image\" content=\"https:\/\/www.pontdardaix.com\/wp-content\/uploads\/servicios-09-1.webp\" \/>\n\t<meta property=\"og:image:width\" content=\"2048\" \/>\n\t<meta property=\"og:image:height\" content=\"1536\" \/>\n\t<meta property=\"og:image:type\" content=\"image\/webp\" \/>\n<meta name=\"twitter:card\" content=\"summary_large_image\" \/>\n<meta name=\"twitter:label1\" content=\"Gesch\u00e4tzte Lesezeit\" \/>\n\t<meta name=\"twitter:data1\" content=\"3\u00a0Minuten\" \/>\n<!-- \/ Yoast SEO plugin. -->","yoast_head_json":{"title":"Der Campingplatz - Camping Pont d'Ardaix","description":"Pont d'Ardaix Der Campingplatz Reservieren Pont d'Ardaix Der Campingplatz Auf unserem Campingplatz ist jeder Tag ein neues Abenteuer voller Lachen und","robots":{"index":"index","follow":"follow","max-snippet":"max-snippet:-1","max-image-preview":"max-image-preview:large","max-video-preview":"max-video-preview:-1"},"canonical":"https:\/\/www.pontdardaix.com\/de\/der-campingplatz\/","og_locale":"de_DE","og_type":"article","og_title":"Der Campingplatz - Camping Pont d'Ardaix","og_description":"Pont d'Ardaix Der Campingplatz Reservieren Pont d'Ardaix Der Campingplatz Auf unserem Campingplatz ist jeder Tag ein neues Abenteuer voller Lachen und","og_url":"https:\/\/www.pontdardaix.com\/de\/der-campingplatz\/","og_site_name":"Pont d&#039;Ardaix","article_modified_time":"2025-12-05T13:22:43+00:00","og_image":[{"width":2048,"height":1536,"url":"https:\/\/www.pontdardaix.com\/wp-content\/uploads\/servicios-09-1.webp","type":"image\/webp"}],"twitter_card":"summary_large_image","twitter_misc":{"Gesch\u00e4tzte Lesezeit":"3\u00a0Minuten"},"schema":{"@context":"https:\/\/schema.org","@graph":[{"@type":"WebPage","@id":"https:\/\/www.pontdardaix.com\/de\/der-campingplatz\/","url":"https:\/\/www.pontdardaix.com\/de\/der-campingplatz\/","name":"Der Campingplatz - Camping Pont d'Ardaix","isPartOf":{"@id":"https:\/\/www.pontdardaix.com\/de\/#website"},"primaryImageOfPage":{"@id":"https:\/\/www.pontdardaix.com\/de\/der-campingplatz\/#primaryimage"},"image":{"@id":"https:\/\/www.pontdardaix.com\/de\/der-campingplatz\/#primaryimage"},"thumbnailUrl":"https:\/\/www.pontdardaix.com\/wp-content\/uploads\/servicios-09-1.webp","datePublished":"2024-07-08T13:49:17+00:00","dateModified":"2025-12-05T13:22:43+00:00","description":"Pont d'Ardaix Der Campingplatz Reservieren Pont d'Ardaix Der Campingplatz Auf unserem Campingplatz ist jeder Tag ein neues Abenteuer voller Lachen und","breadcrumb":{"@id":"https:\/\/www.pontdardaix.com\/de\/der-campingplatz\/#breadcrumb"},"inLanguage":"de","potentialAction":[{"@type":"ReadAction","target":["https:\/\/www.pontdardaix.com\/de\/der-campingplatz\/"]}]},{"@type":"ImageObject","inLanguage":"de","@id":"https:\/\/www.pontdardaix.com\/de\/der-campingplatz\/#primaryimage","url":"https:\/\/www.pontdardaix.com\/wp-content\/uploads\/servicios-09-1.webp","contentUrl":"https:\/\/www.pontdardaix.com\/wp-content\/uploads\/servicios-09-1.webp"},{"@type":"BreadcrumbList","@id":"https:\/\/www.pontdardaix.com\/de\/der-campingplatz\/#breadcrumb","itemListElement":[{"@type":"ListItem","position":1,"name":"Inicio","item":"https:\/\/www.pontdardaix.com\/de\/startseite\/"},{"@type":"ListItem","position":2,"name":"Der Campingplatz"}]},{"@type":"WebSite","@id":"https:\/\/www.pontdardaix.com\/de\/#website","url":"https:\/\/www.pontdardaix.com\/de\/","name":"Pont d&#039;Ardaix","description":"Camping Pont d&#039;Ardaix Bungalows Hotel Resort","publisher":{"@id":"https:\/\/www.pontdardaix.com\/de\/#organization"},"potentialAction":[{"@type":"SearchAction","target":{"@type":"EntryPoint","urlTemplate":"https:\/\/www.pontdardaix.com\/de\/?s={search_term_string}"},"query-input":{"@type":"PropertyValueSpecification","valueRequired":true,"valueName":"search_term_string"}}],"inLanguage":"de"},{"@type":"Organization","@id":"https:\/\/www.pontdardaix.com\/de\/#organization","name":"Pont d&#039;Ardaix","url":"https:\/\/www.pontdardaix.com\/de\/","logo":{"@type":"ImageObject","inLanguage":"de","@id":"https:\/\/www.pontdardaix.com\/de\/#\/schema\/logo\/image\/","url":"https:\/\/www.pontdardaix.com\/wp-content\/uploads\/logo-camping.png","contentUrl":"https:\/\/www.pontdardaix.com\/wp-content\/uploads\/logo-camping.png","width":3172,"height":3078,"caption":"Pont d&#039;Ardaix"},"image":{"@id":"https:\/\/www.pontdardaix.com\/de\/#\/schema\/logo\/image\/"}}]}},"_links":{"self":[{"href":"https:\/\/www.pontdardaix.com\/de\/wp-json\/wp\/v2\/pages\/2554","targetHints":{"allow":["GET"]}}],"collection":[{"href":"https:\/\/www.pontdardaix.com\/de\/wp-json\/wp\/v2\/pages"}],"about":[{"href":"https:\/\/www.pontdardaix.com\/de\/wp-json\/wp\/v2\/types\/page"}],"author":[{"embeddable":true,"href":"https:\/\/www.pontdardaix.com\/de\/wp-json\/wp\/v2\/users\/2"}],"replies":[{"embeddable":true,"href":"https:\/\/www.pontdardaix.com\/de\/wp-json\/wp\/v2\/comments?post=2554"}],"version-history":[{"count":18,"href":"https:\/\/www.pontdardaix.com\/de\/wp-json\/wp\/v2\/pages\/2554\/revisions"}],"predecessor-version":[{"id":4317,"href":"https:\/\/www.pontdardaix.com\/de\/wp-json\/wp\/v2\/pages\/2554\/revisions\/4317"}],"wp:attachment":[{"href":"https:\/\/www.pontdardaix.com\/de\/wp-json\/wp\/v2\/media?parent=2554"}],"curies":[{"name":"wp","href":"https:\/\/api.w.org\/{rel}","templated":true}]}}