{"id":2564,"date":"2024-07-03T13:43:42","date_gmt":"2024-07-03T11:43:42","guid":{"rendered":"https:\/\/www.pontdardaix.com\/unterkuenfte\/"},"modified":"2025-12-05T12:32:39","modified_gmt":"2025-12-05T11:32:39","slug":"unterkuenfte","status":"publish","type":"page","link":"https:\/\/www.pontdardaix.com\/de\/unterkuenfte\/","title":{"rendered":"Unterk\u00fcnfte"},"content":{"rendered":"\n<div class=\"wp-block-cover alignfull page-cover\" style=\"margin-top:0px;margin-bottom:6vh;min-height:800px;aspect-ratio:unset;\"><span aria-hidden=\"true\" class=\"wp-block-cover__background has-background-dim-100 has-background-dim wp-block-cover__gradient-background has-background-gradient has-theme-dark-transparent-gradient-background\"><\/span><img loading=\"lazy\" decoding=\"async\" width=\"1650\" height=\"671\" class=\"wp-block-cover__image-background wp-image-959\" alt=\"\" src=\"https:\/\/www.pontdardaix.com\/wp-content\/uploads\/alojamientos-00.webp\" data-object-fit=\"cover\"\/><div class=\"wp-block-cover__inner-container is-layout-constrained wp-block-cover-is-layout-constrained\">\n<div class=\"wp-block-group alignwide has-link-color wp-elements-e2a9cf6a0e8542e6428d75abe2d174cd is-vertical is-layout-flex wp-container-core-group-is-layout-5f9f5280 wp-block-group-is-layout-flex\">\n<p class=\"animation--init--once slide-right has-theme-blue-color has-text-color has-link-color has-h-4-font-size wp-elements-e2ac5d6c6c2c82e07f67aa17bd3808f7\" style=\"text-transform:uppercase\">Pont d&#8217;Ardaix<\/p>\n\n\n\n<p class=\"cover-title animation--init--once slide-right delay-1 has-dm-serif-display-font-family\">Unterk\u00fcnfte<\/p>\n\n\n\n<div class=\"wp-block-buttons is-layout-flex wp-block-buttons-is-layout-flex\" style=\"padding-top:1rem;padding-bottom:2rem\">\n<div class=\"wp-block-button animation--init--once slide-right\" style=\"text-transform:uppercase\"><a class=\"wp-block-button__link has-theme-dark-grey-color has-theme-yellow-background-color has-text-color has-background has-link-color wp-element-button\" href=\"https:\/\/reservation.secureholiday.net\/de\/3817\/\" target=\"_blank\" rel=\"noreferrer noopener\">Reservieren<\/a><\/div>\n<\/div>\n\n\n<div class=\"yoast-breadcrumbs animation--init--once slide-right delay-2\"><span><span><a href=\"https:\/\/www.pontdardaix.com\/de\/startseite\/\">Inicio<\/a><\/span> \u00bb <span class=\"breadcrumb_last\" aria-current=\"page\">Unterk\u00fcnfte<\/span><\/span><\/div><\/div>\n\n\n\n<div class=\"wp-block-group alignfull booking-container is-layout-constrained wp-block-group-is-layout-constrained\">\n<div class=\"wp-block-group alignwide booking-wrapper is-vertical is-content-justification-stretch is-layout-flex wp-container-core-group-is-layout-bdb599bc wp-block-group-is-layout-flex\">\n<div class=\"wp-block-buttons show-booking-link-container is-content-justification-center is-layout-flex wp-container-core-buttons-is-layout-f78c5dac wp-block-buttons-is-layout-flex\" style=\"margin-top:0px;margin-bottom:0px\">\n<div class=\"wp-block-button has-custom-width wp-block-button__width-100 show-booking-link\" style=\"text-transform:uppercase\"><a class=\"wp-block-button__link has-theme-yellow-background-color has-background has-text-align-center wp-element-button\">Reservas<\/a><\/div>\n<\/div>\n\n\n<script>\n            document.addEventListener('DOMContentLoaded', function () {\n\n                var widget = new MasterWidget('widgetBookingContainer8298', {\n                    lang: 'de',idProperty: '481',class: 'widget_columns',target: '_blank',dropdown: true,\n                    url: 'https:\/\/booking.pontdardaix.com'\n                });\n\n\n            });\n\n            <\/script><div id=\"widgetBookingContainer8298\"> <\/div>\n<\/div>\n<\/div>\n<\/div><\/div>\n\n<div class=\"wp-block-group heading-module is-vertical is-content-justification-center is-layout-flex wp-container-core-group-is-layout-4b5fd8c1 wp-block-group-is-layout-flex\" style=\"margin-bottom:4vh\">\n<p class=\"has-text-align-center script animation--init--once slide-up has-theme-secondary-color has-text-color has-link-color has-khaki-font-family wp-elements-00b623cfb179fda2140608645eb106f2\">Pont d&#8217;Ardaix<\/p>\n\n\n\n<h1 class=\"wp-block-heading has-text-align-center animation--init--once slide-up custom-heading has-theme-primary-color has-text-color has-link-color wp-elements-a2b8b7bee40efb0585f322a15acb076a\">Unterk\u00fcnfte<\/h1>\n\n\n\n<p class=\"has-text-align-center animation--init--once slide-up heading-text has-theme-dark-grey-color has-text-color has-link-color has-h-4-font-size wp-elements-c43efe17cc497e90a60190ef52c06f6d\">Auf dem Campingplatz Pont d&#8217;Ardaix bieten wir Ihnen einen Ort, an dem nat\u00fcrliche Sch\u00f6nheit auf Abenteuer trifft.<\/p>\n<\/div>\n\n<div class=\"wp-block-buttons is-content-justification-center is-layout-flex wp-container-core-buttons-is-layout-c5546914 wp-block-buttons-is-layout-flex\" style=\"margin-bottom:10vh\">\n<div class=\"wp-block-button animation--init--once slide-up\"><a class=\"wp-block-button__link has-theme-primary-background-color has-background wp-element-button\" href=\"https:\/\/www.pontdardaix.com\/wp-content\/uploads\/tarifes-pont-d-ardaix.pdf\" target=\"_blank\" rel=\"noreferrer noopener\">Gutscheine f\u00fcr Langzeitaufenthalte und Grundst\u00fcckspreise 2025<\/a><\/div>\n\n\n\n<div class=\"wp-block-button animation--init--once slide-up delay-1 is-style-fill\"><a class=\"wp-block-button__link has-theme-primary-color has-theme-secondary-background-color has-text-color has-background has-link-color has-border-color has-theme-blue-border-color wp-element-button\" href=\"https:\/\/www.pontdardaix.com\/wp-content\/uploads\/plano-camping.webp\" target=\"_blank\" rel=\"noreferrer noopener\" class=\"image-link\">Campingplatz-Karte<\/a><\/div>\n<\/div>\n<div class=\"wp-block-lodgings animation--init--once slide-up alignwide has-custom-margin\" style=\"margin-bottom:10vh;\">\n\n                                                     \n            <div class=\"slider-container lodgings\">\n                <div class=\"lodgings-grid lodgings-gallery\" id=\"content-gallery_7107\" style=\"margin-bottom:10vh; --wp--style--block-desktop-column:3;--wp--style--block-tablet-column:2;--wp--style--block-mobile-column:1;\" >\n                    <div class=\"splide__track\">\n                        <div class=\"splide__list\">\n                                                                                                                                        <div class=\"splide__slide wp-block-group\">\n                                                                                                                                    <a class=\"lodging-block-container\" href=\"https:\/\/www.pontdardaix.com\/de\/unterkuenfte\/bungalow-2-pax\/\">\n                                                                                            <div class=\"lodging-block-wrapper\">\n                                                                                                                                                            <div class=\"lodging-image\">\n                                                        <img loading=\"lazy\" decoding=\"async\" width=\"800\" height=\"500\" src=\"https:\/\/www.pontdardaix.com\/wp-content\/uploads\/bungalow-2-pax-00.webp\" class=\"attachment-full size-full wp-post-image\" alt=\"\" style=\"object-fit: cover; aspect-ratio:3\/4\" \/>                                                    <\/div>\n                                                                                                        <div class=\"lodging-tag bungalows \"><\/div>\n                                                    <div class=\"lodging-info\">\n                                                        <h3 class=\"has-h-5-font-size lodging-title\">Bungalow 2 pax<\/h3>\n                                                                                                                                                                            <div class=\"icons-horizontales is-not-stacked-on-mobile\">                                                           \n                                                                                                                                    <div class=\"wp-block-group\">\n                                                                                                                                                <img decoding=\"async\" class=\"icon-lodging\" src=\"https:\/\/www.pontdardaix.com\/wp-content\/uploads\/rule.svg\" alt=\"\" \/>\n                                                                         <p class=\"value-lodging\">25 m\u00b2<\/p>\n                                                                    <\/div>\n                                                                                                                                    <div class=\"wp-block-group\">\n                                                                                                                                                <img decoding=\"async\" class=\"icon-lodging\" src=\"https:\/\/www.pontdardaix.com\/wp-content\/uploads\/parcela-pax-1.svg\" alt=\"\" \/>\n                                                                         <p class=\"value-lodging\">2 pax<\/p>\n                                                                    <\/div>\n                                                                                                                                    <div class=\"wp-block-group\">\n                                                                                                                                                <img decoding=\"async\" class=\"icon-lodging\" src=\"https:\/\/www.pontdardaix.com\/wp-content\/uploads\/door.svg\" alt=\"\" \/>\n                                                                         <p class=\"value-lodging\">1 zimmer<\/p>\n                                                                    <\/div>\n                                                                                                                            <\/div>\n                                                                                                                <\/div>\n                                                                                                       \n                                                    <\/div>   \n                                                                                        <\/a>\n                                                                                    <\/div>\n                                                                                                                                                                                                            <div class=\"splide__slide wp-block-group\">\n                                                                                                                                    <a class=\"lodging-block-container\" href=\"https:\/\/www.pontdardaix.com\/de\/unterkuenfte\/bungalow-chalet-6-pax\/\">\n                                                                                            <div class=\"lodging-block-wrapper\">\n                                                                                                                                                            <div class=\"lodging-image\">\n                                                        <img loading=\"lazy\" decoding=\"async\" width=\"800\" height=\"500\" src=\"https:\/\/www.pontdardaix.com\/wp-content\/uploads\/bungalow-chalet-6-pax-00.webp\" class=\"attachment-full size-full wp-post-image\" alt=\"\" style=\"object-fit: cover; aspect-ratio:3\/4\" \/>                                                    <\/div>\n                                                                                                        <div class=\"lodging-tag bungalows \"><\/div>\n                                                    <div class=\"lodging-info\">\n                                                        <h3 class=\"has-h-5-font-size lodging-title\">Bungalow Chalet 6 pax<\/h3>\n                                                                                                                                                                            <div class=\"icons-horizontales is-not-stacked-on-mobile\">                                                           \n                                                                                                                                    <div class=\"wp-block-group\">\n                                                                                                                                                <img decoding=\"async\" class=\"icon-lodging\" src=\"https:\/\/www.pontdardaix.com\/wp-content\/uploads\/rule.svg\" alt=\"\" \/>\n                                                                         <p class=\"value-lodging\">80 m\u00b2<\/p>\n                                                                    <\/div>\n                                                                                                                                    <div class=\"wp-block-group\">\n                                                                                                                                                <img decoding=\"async\" class=\"icon-lodging\" src=\"https:\/\/www.pontdardaix.com\/wp-content\/uploads\/parcela-pax-1.svg\" alt=\"\" \/>\n                                                                         <p class=\"value-lodging\">6 pax<\/p>\n                                                                    <\/div>\n                                                                                                                                    <div class=\"wp-block-group\">\n                                                                                                                                                <img decoding=\"async\" class=\"icon-lodging\" src=\"https:\/\/www.pontdardaix.com\/wp-content\/uploads\/door.svg\" alt=\"\" \/>\n                                                                         <p class=\"value-lodging\">2 zimmer<\/p>\n                                                                    <\/div>\n                                                                                                                            <\/div>\n                                                                                                                <\/div>\n                                                                                                       \n                                                    <\/div>   \n                                                                                        <\/a>\n                                                                                    <\/div>\n                                                                                                                                                                                                            <div class=\"splide__slide wp-block-group\">\n                                                                                                                                    <a class=\"lodging-block-container\" href=\"https:\/\/www.pontdardaix.com\/de\/unterkuenfte\/mobil-home-4-pax\/\">\n                                                                                            <div class=\"lodging-block-wrapper\">\n                                                                                                                                                            <div class=\"lodging-image\">\n                                                        <img loading=\"lazy\" decoding=\"async\" width=\"1650\" height=\"500\" src=\"https:\/\/www.pontdardaix.com\/wp-content\/uploads\/mobile-home-4-pax-01.webp\" class=\"attachment-full size-full wp-post-image\" alt=\"\" style=\"object-fit: cover; aspect-ratio:3\/4\" \/>                                                    <\/div>\n                                                                                                        <div class=\"lodging-tag mobil-homes \"><\/div>\n                                                    <div class=\"lodging-info\">\n                                                        <h3 class=\"has-h-5-font-size lodging-title\">Mobil Home 4 pax<\/h3>\n                                                                                                                                                                            <div class=\"icons-horizontales is-not-stacked-on-mobile\">                                                           \n                                                                                                                                    <div class=\"wp-block-group\">\n                                                                                                                                                <img decoding=\"async\" class=\"icon-lodging\" src=\"https:\/\/www.pontdardaix.com\/wp-content\/uploads\/rule.svg\" alt=\"\" \/>\n                                                                         <p class=\"value-lodging\">60 m\u00b2<\/p>\n                                                                    <\/div>\n                                                                                                                                    <div class=\"wp-block-group\">\n                                                                                                                                                <img decoding=\"async\" class=\"icon-lodging\" src=\"https:\/\/www.pontdardaix.com\/wp-content\/uploads\/parcela-pax-1.svg\" alt=\"\" \/>\n                                                                         <p class=\"value-lodging\">4 pax<\/p>\n                                                                    <\/div>\n                                                                                                                                    <div class=\"wp-block-group\">\n                                                                                                                                                <img decoding=\"async\" class=\"icon-lodging\" src=\"https:\/\/www.pontdardaix.com\/wp-content\/uploads\/door.svg\" alt=\"\" \/>\n                                                                         <p class=\"value-lodging\">2 zimmer<\/p>\n                                                                    <\/div>\n                                                                                                                            <\/div>\n                                                                                                                <\/div>\n                                                                                                       \n                                                    <\/div>   \n                                                                                        <\/a>\n                                                                                    <\/div>\n                                                                                                                        <\/div>\n                    <\/div>\n                <\/div>\n            <\/div>\n            \n    \n<\/div>","protected":false},"excerpt":{"rendered":"<p>Pont d&#8217;Ardaix Unterk\u00fcnfte Auf dem Campingplatz Pont d&#8217;Ardaix bieten wir Ihnen einen Ort, an dem nat\u00fcrliche Sch\u00f6nheit auf Abenteuer trifft.<\/p>\n","protected":false},"author":2,"featured_media":0,"parent":0,"menu_order":1,"comment_status":"closed","ping_status":"closed","template":"","meta":{"_acf_changed":false,"inline_featured_image":false,"footnotes":""},"class_list":["post-2564","page","type-page","status-publish","hentry"],"acf":[],"yoast_head":"<!-- This site is optimized with the Yoast SEO plugin v25.8 - https:\/\/yoast.com\/wordpress\/plugins\/seo\/ -->\n<title>Unterk\u00fcnfte - Pont d&#039;Ardaix<\/title>\n<meta name=\"description\" content=\"Pont d&#039;Ardaix Unterk\u00fcnfte Reservieren Pont d&#039;Ardaix Unterk\u00fcnfte Auf dem Campingplatz Pont d&#039;Ardaix bieten wir Ihnen einen Ort, an dem nat\u00fcrliche Sch\u00f6nheit\" \/>\n<meta name=\"robots\" content=\"index, follow, max-snippet:-1, max-image-preview:large, max-video-preview:-1\" \/>\n<link rel=\"canonical\" href=\"https:\/\/www.pontdardaix.com\/de\/unterkuenfte\/\" \/>\n<meta property=\"og:locale\" content=\"de_DE\" \/>\n<meta property=\"og:type\" content=\"article\" \/>\n<meta property=\"og:title\" content=\"Unterk\u00fcnfte - Pont d&#039;Ardaix\" \/>\n<meta property=\"og:description\" content=\"Pont d&#039;Ardaix Unterk\u00fcnfte Reservieren Pont d&#039;Ardaix Unterk\u00fcnfte Auf dem Campingplatz Pont d&#039;Ardaix bieten wir Ihnen einen Ort, an dem nat\u00fcrliche Sch\u00f6nheit\" \/>\n<meta property=\"og:url\" content=\"https:\/\/www.pontdardaix.com\/de\/unterkuenfte\/\" \/>\n<meta property=\"og:site_name\" content=\"Pont d&#039;Ardaix\" \/>\n<meta property=\"article:modified_time\" content=\"2025-12-05T11:32:39+00:00\" \/>\n<meta property=\"og:image\" content=\"https:\/\/www.pontdardaix.com\/wp-content\/uploads\/alojamientos-00.webp\" \/>\n<meta name=\"twitter:card\" content=\"summary_large_image\" \/>\n<meta name=\"twitter:label1\" content=\"Gesch\u00e4tzte Lesezeit\" \/>\n\t<meta name=\"twitter:data1\" content=\"1\u00a0Minute\" \/>\n<!-- \/ Yoast SEO plugin. -->","yoast_head_json":{"title":"Unterk\u00fcnfte - Pont d&#039;Ardaix","description":"Pont d'Ardaix Unterk\u00fcnfte Reservieren Pont d'Ardaix Unterk\u00fcnfte Auf dem Campingplatz Pont d'Ardaix bieten wir Ihnen einen Ort, an dem nat\u00fcrliche Sch\u00f6nheit","robots":{"index":"index","follow":"follow","max-snippet":"max-snippet:-1","max-image-preview":"max-image-preview:large","max-video-preview":"max-video-preview:-1"},"canonical":"https:\/\/www.pontdardaix.com\/de\/unterkuenfte\/","og_locale":"de_DE","og_type":"article","og_title":"Unterk\u00fcnfte - Pont d&#039;Ardaix","og_description":"Pont d'Ardaix Unterk\u00fcnfte Reservieren Pont d'Ardaix Unterk\u00fcnfte Auf dem Campingplatz Pont d'Ardaix bieten wir Ihnen einen Ort, an dem nat\u00fcrliche Sch\u00f6nheit","og_url":"https:\/\/www.pontdardaix.com\/de\/unterkuenfte\/","og_site_name":"Pont d&#039;Ardaix","article_modified_time":"2025-12-05T11:32:39+00:00","og_image":[{"url":"https:\/\/www.pontdardaix.com\/wp-content\/uploads\/alojamientos-00.webp","type":"","width":"","height":""}],"twitter_card":"summary_large_image","twitter_misc":{"Gesch\u00e4tzte Lesezeit":"1\u00a0Minute"},"schema":{"@context":"https:\/\/schema.org","@graph":[{"@type":"WebPage","@id":"https:\/\/www.pontdardaix.com\/de\/unterkuenfte\/","url":"https:\/\/www.pontdardaix.com\/de\/unterkuenfte\/","name":"Unterk\u00fcnfte - Pont d&#039;Ardaix","isPartOf":{"@id":"https:\/\/www.pontdardaix.com\/de\/#website"},"primaryImageOfPage":{"@id":"https:\/\/www.pontdardaix.com\/de\/unterkuenfte\/#primaryimage"},"image":{"@id":"https:\/\/www.pontdardaix.com\/de\/unterkuenfte\/#primaryimage"},"thumbnailUrl":"https:\/\/www.pontdardaix.com\/wp-content\/uploads\/alojamientos-00.webp","datePublished":"2024-07-03T11:43:42+00:00","dateModified":"2025-12-05T11:32:39+00:00","description":"Pont d'Ardaix Unterk\u00fcnfte Reservieren Pont d'Ardaix Unterk\u00fcnfte Auf dem Campingplatz Pont d'Ardaix bieten wir Ihnen einen Ort, an dem nat\u00fcrliche Sch\u00f6nheit","breadcrumb":{"@id":"https:\/\/www.pontdardaix.com\/de\/unterkuenfte\/#breadcrumb"},"inLanguage":"de","potentialAction":[{"@type":"ReadAction","target":["https:\/\/www.pontdardaix.com\/de\/unterkuenfte\/"]}]},{"@type":"ImageObject","inLanguage":"de","@id":"https:\/\/www.pontdardaix.com\/de\/unterkuenfte\/#primaryimage","url":"https:\/\/www.pontdardaix.com\/wp-content\/uploads\/alojamientos-00.webp","contentUrl":"https:\/\/www.pontdardaix.com\/wp-content\/uploads\/alojamientos-00.webp"},{"@type":"BreadcrumbList","@id":"https:\/\/www.pontdardaix.com\/de\/unterkuenfte\/#breadcrumb","itemListElement":[{"@type":"ListItem","position":1,"name":"Inicio","item":"https:\/\/www.pontdardaix.com\/de\/startseite\/"},{"@type":"ListItem","position":2,"name":"Unterk\u00fcnfte"}]},{"@type":"WebSite","@id":"https:\/\/www.pontdardaix.com\/de\/#website","url":"https:\/\/www.pontdardaix.com\/de\/","name":"Pont d&#039;Ardaix","description":"Camping Pont d&#039;Ardaix Bungalows Hotel Resort","publisher":{"@id":"https:\/\/www.pontdardaix.com\/de\/#organization"},"potentialAction":[{"@type":"SearchAction","target":{"@type":"EntryPoint","urlTemplate":"https:\/\/www.pontdardaix.com\/de\/?s={search_term_string}"},"query-input":{"@type":"PropertyValueSpecification","valueRequired":true,"valueName":"search_term_string"}}],"inLanguage":"de"},{"@type":"Organization","@id":"https:\/\/www.pontdardaix.com\/de\/#organization","name":"Pont d&#039;Ardaix","url":"https:\/\/www.pontdardaix.com\/de\/","logo":{"@type":"ImageObject","inLanguage":"de","@id":"https:\/\/www.pontdardaix.com\/de\/#\/schema\/logo\/image\/","url":"https:\/\/www.pontdardaix.com\/wp-content\/uploads\/logo-camping.png","contentUrl":"https:\/\/www.pontdardaix.com\/wp-content\/uploads\/logo-camping.png","width":3172,"height":3078,"caption":"Pont d&#039;Ardaix"},"image":{"@id":"https:\/\/www.pontdardaix.com\/de\/#\/schema\/logo\/image\/"}}]}},"_links":{"self":[{"href":"https:\/\/www.pontdardaix.com\/de\/wp-json\/wp\/v2\/pages\/2564","targetHints":{"allow":["GET"]}}],"collection":[{"href":"https:\/\/www.pontdardaix.com\/de\/wp-json\/wp\/v2\/pages"}],"about":[{"href":"https:\/\/www.pontdardaix.com\/de\/wp-json\/wp\/v2\/types\/page"}],"author":[{"embeddable":true,"href":"https:\/\/www.pontdardaix.com\/de\/wp-json\/wp\/v2\/users\/2"}],"replies":[{"embeddable":true,"href":"https:\/\/www.pontdardaix.com\/de\/wp-json\/wp\/v2\/comments?post=2564"}],"version-history":[{"count":16,"href":"https:\/\/www.pontdardaix.com\/de\/wp-json\/wp\/v2\/pages\/2564\/revisions"}],"predecessor-version":[{"id":4311,"href":"https:\/\/www.pontdardaix.com\/de\/wp-json\/wp\/v2\/pages\/2564\/revisions\/4311"}],"wp:attachment":[{"href":"https:\/\/www.pontdardaix.com\/de\/wp-json\/wp\/v2\/media?parent=2564"}],"curies":[{"name":"wp","href":"https:\/\/api.w.org\/{rel}","templated":true}]}}