{"id":2937,"date":"2024-07-05T13:09:38","date_gmt":"2024-07-05T11:09:38","guid":{"rendered":"https:\/\/www.pontdardaix.com\/?page_id=2937"},"modified":"2025-07-21T16:21:53","modified_gmt":"2025-07-21T14:21:53","slug":"rechtlicher-hinweis","status":"publish","type":"page","link":"https:\/\/www.pontdardaix.com\/de\/rechtlicher-hinweis\/","title":{"rendered":"Rechtlicher Hinweis"},"content":{"rendered":"\n<div class=\"wp-block-cover alignfull page-cover\" style=\"margin-top:0px;margin-bottom:6vh;min-height:800px;aspect-ratio:unset;\"><span aria-hidden=\"true\" class=\"wp-block-cover__background has-background-dim-100 has-background-dim wp-block-cover__gradient-background has-background-gradient has-theme-dark-transparent-gradient-background\"><\/span><img loading=\"lazy\" decoding=\"async\" width=\"2048\" height=\"1536\" class=\"wp-block-cover__image-background wp-image-2705\" alt=\"\" src=\"https:\/\/www.pontdardaix.com\/wp-content\/uploads\/bungalow-2pax-10-1.webp\" data-object-fit=\"cover\" srcset=\"https:\/\/www.pontdardaix.com\/wp-content\/uploads\/bungalow-2pax-10-1.webp 2048w, https:\/\/www.pontdardaix.com\/wp-content\/uploads\/bungalow-2pax-10-1-1024x768.webp 1024w, https:\/\/www.pontdardaix.com\/wp-content\/uploads\/bungalow-2pax-10-1-768x576.webp 768w, https:\/\/www.pontdardaix.com\/wp-content\/uploads\/bungalow-2pax-10-1-1536x1152.webp 1536w, https:\/\/www.pontdardaix.com\/wp-content\/uploads\/bungalow-2pax-10-1-512x384.webp 512w, https:\/\/www.pontdardaix.com\/wp-content\/uploads\/bungalow-2pax-10-1-256x192.webp 256w\" sizes=\"auto, (max-width: 2048px) 100vw, 2048px\" \/><div class=\"wp-block-cover__inner-container is-layout-constrained wp-block-cover-is-layout-constrained\">\n<div class=\"wp-block-group alignwide has-link-color wp-elements-bb24c8d6aa72e602ba23adcd6be7fce3 is-vertical is-layout-flex wp-container-core-group-is-layout-5f9f5280 wp-block-group-is-layout-flex\">\n<p class=\"animation--init--once slide-right has-theme-green-color has-text-color has-link-color has-h-4-font-size wp-elements-abc16a126085b5ee725b3b515c85ebb5\" style=\"text-transform:uppercase\">Rechtstexte<\/p>\n\n\n\n<p class=\"cover-title animation--init--once slide-right delay-1 has-dm-serif-display-font-family\">Rechtlicher Hinweis<\/p>\n\n\n\n<div class=\"wp-block-buttons is-layout-flex wp-block-buttons-is-layout-flex\" style=\"padding-top:1rem;padding-bottom:2rem\">\n<div class=\"wp-block-button animation--init--once slide-right\" style=\"text-transform:uppercase\"><a class=\"wp-block-button__link has-theme-dark-grey-color has-theme-yellow-background-color has-text-color has-background has-link-color wp-element-button\" href=\"https:\/\/reservation.secureholiday.net\/de\/3817\/\" target=\"_blank\" rel=\"noreferrer noopener\">Reservieren<\/a><\/div>\n<\/div>\n\n\n<div class=\"yoast-breadcrumbs animation--init--once slide-right delay-2\"><span><span><a href=\"https:\/\/www.pontdardaix.com\/de\/startseite\/\">Inicio<\/a><\/span> \u00bb <span class=\"breadcrumb_last\" aria-current=\"page\">Rechtlicher Hinweis<\/span><\/span><\/div><\/div>\n<\/div><\/div>\n\n\n\n<div class=\"wp-block-group heading-module is-vertical is-content-justification-center is-layout-flex wp-container-core-group-is-layout-f1874bff wp-block-group-is-layout-flex\" style=\"margin-bottom:6vh\">\n<p class=\"has-text-align-center script animation--init--once slide-up has-theme-secondary-color has-text-color has-link-color has-khaki-font-family wp-elements-2e84bf8317fa50b51abe2d2979f7e6bf\">Rechtstexte<\/p>\n\n\n\n<h1 class=\"wp-block-heading has-text-align-center animation--init--once slide-up custom-heading has-theme-primary-color has-text-color has-link-color wp-elements-5a37e01f5d260c082cee23342a0c01ec\">Rechtlicher Hinweis<\/h1>\n<\/div>\n\n\n\n<p class=\"has-theme-dark-grey-color has-text-color has-link-color wp-elements-22cd32236c47f20cd82ba8c915c98646\">Diese Website ist Eigentum von ARDAIX RESORTS, S.L., mit der NIF-Nummer B62899265 und der Adresse Ctra N-260, Em 210 (25723 El Pont de Bar) und eingetragen im Handelsregister 0886\/0313 in Tom 11546, Buch 213, Registrierung 22.<\/p>\n\n\n\n<p class=\"has-theme-dark-grey-color has-text-color has-link-color wp-elements-01ad44e3cf599d5cd52c9a127003b7e4\">Bei Fragen oder Vorschl\u00e4gen kontaktieren Sie uns unter der Rufnummer 973384098 oder per E-Mail an recepcio@pontdardaix.com<\/p>\n\n\n\n<p class=\"has-theme-dark-grey-color has-text-color has-link-color wp-elements-4d337b152ada1e2f4303ad6777696525\">F\u00fcr diese Website gelten die ausschlie\u00dflich in Spanien geltenden Vorschriften, denen sowohl Inl\u00e4nder als auch Ausl\u00e4nder unterliegen, die diese Website nutzen.<\/p>\n\n\n\n<p class=\"has-theme-dark-grey-color has-text-color has-link-color wp-elements-a7bc4a36d4f735d6605c6f9fbb08a478\">Der Zugriff auf unsere Website durch den NUTZER ist kostenlos und seine Nutzung unterliegt den zum Zeitpunkt des Zugriffs geltenden Nutzungsbedingungen, die wir Sie bitten, sorgf\u00e4ltig zu lesen. Wenn der NUTZER mit diesen Nutzungsbedingungen nicht einverstanden ist, muss er die Nutzung dieses Portals und den Betrieb dar\u00fcber unterlassen und kann sich mit uns in Verbindung setzen, damit wir alle damit verbundenen Fragen kl\u00e4ren k\u00f6nnen.<\/p>\n\n\n\n<p class=\"has-theme-dark-grey-color has-text-color has-link-color wp-elements-d1f3d8ecd13fc057b083572ad2650fa8\">Die Bereitstellung personenbezogener Daten und der Kauf von Produkten \u00fcber unser Portal setzt ein Mindestalter von 14 Jahren bzw. ggf. eine ausreichende Gesch\u00e4ftsf\u00e4higkeit voraus.<\/p>\n\n\n\n<p class=\"has-theme-dark-grey-color has-text-color has-link-color wp-elements-54d062d66cc1a17110b88ea6bca8497b\">Wir k\u00f6nnen jederzeit die Darstellung und Konfiguration unserer Website \u00e4ndern, die Dienste erweitern oder einschr\u00e4nken und sie sowie die bereitgestellten Dienste und Inhalte sogar aus dem Netzwerk l\u00f6schen.<\/p>\n\n\n\n<p class=\"has-theme-dark-grey-color has-text-color has-link-color wp-elements-dfc5acfbc9f558330ec16f2f1f1f500b\"><strong>A. GEISTIGES EIGENTUM<\/strong><\/p>\n\n\n\n<p class=\"has-theme-dark-grey-color has-text-color has-link-color wp-elements-61e62954b48f2b1ee50de7985eb545b8\">Alle Inhalte, Texte, Bilder und Quellcodes sind Eigentum von ARDAIX RESORTS, S.L. oder von Dritten, von denen ihre Verwertungsrechte erworben wurden, und sind durch geistige und gewerbliche Eigentumsrechte gesch\u00fctzt.<\/p>\n\n\n\n<p class=\"has-theme-dark-grey-color has-text-color has-link-color wp-elements-5ffa314f49788fad673b4e292604d95c\">Der NUTZER hat nur das Recht zur privaten Nutzung ohne Gewinn und bedarf der ausdr\u00fccklichen Genehmigung zur \u00c4nderung, Vervielf\u00e4ltigung, Verwertung, Verbreitung oder Aus\u00fcbung von Rechten des Eigent\u00fcmers.<\/p>\n\n\n\n<p class=\"has-theme-dark-grey-color has-text-color has-link-color wp-elements-4dbded07144c7282120ee3002888b3a8\">ARDAIX RESORTS, S.L. ist eine eingetragene Marke und die Vervielf\u00e4ltigung, Nachahmung, Verwendung oder Einf\u00fcgung dieser Marken ist ohne unsere entsprechende Genehmigung verboten.<\/p>\n\n\n\n<p class=\"has-theme-dark-grey-color has-text-color has-link-color wp-elements-088d63f004993208f96141b3545ee0ef\">Durch die Einrichtung eines Links zu unserem Portal werden keinerlei Rechte daran \u00fcbertragen. Ebenso berechtigt die blo\u00dfe Einrichtung eines Links zu unserer Website nicht dazu, in die Kategorie \u201eMitarbeiter\u201c oder \u201ePartner\u201c eingestuft zu werden.<\/p>\n\n\n\n<p class=\"has-theme-dark-grey-color has-text-color has-link-color wp-elements-2720377a7a15512786deca72adca65e2\">ARDAIX RESORTS, S.L. ist von jeglicher Haftung f\u00fcr jegliche Anspr\u00fcche bez\u00fcglich der geistigen Eigentumsrechte der von Dritten auf seinem Portal ver\u00f6ffentlichten Artikel und Bilder befreit.<\/p>\n\n\n\n<p class=\"has-theme-dark-grey-color has-text-color has-link-color wp-elements-e51e78f001b5cc816cbc9c4af545e189\">Die vollst\u00e4ndige oder teilweise Nachahmung unseres Portals oder die Einrichtung von Links zu unserer Website ist ohne vorherige Genehmigung von ARDAIX RESORTS, S.L. strengstens untersagt.<\/p>\n\n\n\n<p class=\"has-theme-dark-grey-color has-text-color has-link-color wp-elements-5910130785bc14a8689e4724581eab99\"><strong>B. ZUGANGS- UND NUTZUNGSBEDINGUNGEN<\/strong><\/p>\n\n\n\n<p class=\"has-theme-dark-grey-color has-text-color has-link-color wp-elements-d7187a68b990ead81a1262ec2a1c976c\">Der Zugang zu unserer Website ist kostenlos und erfordert kein Abonnement oder vorherige Registrierung. Bestimmte Dienste haben jedoch einen eingeschr\u00e4nkten Zugriff auf bestimmte NUTZER und erfordern einen Registrierungsprozess und\/oder eine Identifizierung mithilfe von Passw\u00f6rtern. Diese Dienste werden im Internet entsprechend gekennzeichnet.<\/p>\n\n\n\n<p class=\"has-theme-dark-grey-color has-text-color has-link-color wp-elements-5a60103e42e9deafa4defccf5629dfdb\">Die \u00dcbermittlung personenbezogener Daten setzt die ausdr\u00fcckliche Annahme unserer Datenschutzrichtlinie durch den NUTZER voraus.<\/p>\n\n\n\n<p class=\"has-theme-dark-grey-color has-text-color has-link-color wp-elements-7283b725917bfed1214b89508af8f643\">Der NUTZER muss auf unsere Website im Einklang mit Treu und Glauben, den Regeln der \u00f6ffentlichen Ordnung und diesen Allgemeinen Nutzungsbedingungen zugreifen. Der Zugriff auf unsere Website erfolgt auf eigene und ausschlie\u00dfliche Verantwortung des NUTZERS, der in jedem Fall f\u00fcr etwaige Sch\u00e4den haftet, die Dritten oder uns selbst entstehen.<\/p>\n\n\n\n<p class=\"has-theme-dark-grey-color has-text-color has-link-color wp-elements-f31e97268968f023fe59cf0995ed8417\">Dem NUTZER ist es ausdr\u00fccklich untersagt, die auf dieser Website angebotenen Dienste, Produkte und Inhalte auf andere Weise zu nutzen und zu beziehen als in diesen Nutzungsbedingungen und gegebenenfalls in den besonderen Bedingungen, die den Erwerb bestimmter Produkte regeln.<\/p>\n\n\n\n<p class=\"has-theme-dark-grey-color has-text-color has-link-color wp-elements-c0de0081b8cb2cc833e12012ae9df545\">Dem NUTZER ist jede Art von Aktion auf unserem Portal untersagt, die zu einer \u00fcberm\u00e4\u00dfigen \u00dcberlastung unserer Computersysteme sowie zur Einf\u00fchrung von Viren oder zur Installation von Robotern oder Software f\u00fchrt, die das normale Funktionieren unserer Website oder letztendlich beeintr\u00e4chtigt kann zu Sch\u00e4den an unseren Computersystemen f\u00fchren.<\/p>\n\n\n\n<p class=\"has-theme-dark-grey-color has-text-color has-link-color wp-elements-d83118db2c930bf1cde2dba6a1e55215\">Angesichts der Schwierigkeit, die Informationen, Inhalte und Dienste zu kontrollieren, die auf den \u00fcber unsere Website verf\u00fcgbaren Webseiten Dritter enthalten sind, weisen wir Sie darauf hin, dass ARDAIX RESORTS, S.L. nicht f\u00fcr diese verantwortlich ist, unbeschadet der Tatsache, dass sie versuchen wird, Stellen Sie im Rahmen des M\u00f6glichen die Rechtm\u00e4\u00dfigkeit sicher.<\/p>\n\n\n\n<p class=\"has-theme-dark-grey-color has-text-color has-link-color wp-elements-8bff29c5084747229f9d099e5d69c661\">ARDAIX RESORTS, S.L. beh\u00e4lt sich das Recht vor, jeden NUTZER zu k\u00fcndigen, wenn die Organisation der Ansicht ist, dass er gegen die Bedingungen versto\u00dfen hat, die die Nutzung unserer Website regeln. Ebenso beh\u00e4lt sie sich das Recht vor, entsprechende rechtliche Schritte gegen diejenigen einzuleiten, die gegen diese Allgemeinen Nutzungsbedingungen versto\u00dfen.<\/p>\n\n\n\n<p class=\"has-theme-dark-grey-color has-text-color has-link-color wp-elements-c6b549782c7db39edeb7e579ab0efc25\"><strong>C. DATENSCHUTZRICHTLINIE<\/strong><\/p>\n\n\n\n<p class=\"has-theme-dark-grey-color has-text-color has-link-color wp-elements-931e23013a36c074869d1db89d8339f9\">Vertraulichkeit und Sicherheit sind die Hauptwerte von ARDAIX RESORTS, S.L. und daher \u00fcbernehmen wir die Verpflichtung, die Privatsph\u00e4re des NUTZERs jederzeit zu gew\u00e4hrleisten und keine unn\u00f6tigen Informationen zu sammeln.<\/p>\n\n\n\n<p class=\"has-theme-dark-grey-color has-text-color has-link-color wp-elements-cd3bade992b49ccac2bf1492cf283a5e\">Die Bereitstellung personenbezogener Daten \u00fcber unser Portal setzt ein Mindestalter von 14 Jahren und die ausdr\u00fcckliche Zustimmung zu unserer Datenschutzerkl\u00e4rung voraus.<\/p>\n\n\n\n<p class=\"has-theme-dark-grey-color has-text-color has-link-color wp-elements-d7c7ec7e72c0478a0231f4f73151bc90\"><strong>D. VERANTWORTLICHKEITEN<\/strong><\/p>\n\n\n\n<p class=\"has-theme-dark-grey-color has-text-color has-link-color wp-elements-e6a7697c6192a84b6969166bc40202c5\">Indem wir dem NUTZER diese Webseite zur Verf\u00fcgung stellen, m\u00f6chten wir Ihnen einen qualitativ hochwertigen Service bieten, wobei wir bei der Bereitstellung sowie bei den verwendeten technischen Mitteln gr\u00f6\u00dfte Sorgfalt walten lassen. Allerdings ist ARDAIX RESORTS, S.L. garantiert nicht, dass die Verf\u00fcgbarkeit des Dienstes aufgrund von Umst\u00e4nden, die durch Probleme im Internet-Netzwerk, Ausf\u00e4lle von Computerger\u00e4ten oder anderen unvorhersehbaren Umst\u00e4nden verursacht werden, kontinuierlich und ununterbrochen ist, so dass der NUTZER sich bereit erkl\u00e4rt, diese Umst\u00e4nde in angemessenen Grenzen zu tragen.<\/p>\n\n\n\n<p class=\"has-theme-dark-grey-color has-text-color has-link-color wp-elements-3b416cc73c5b0135f3befa937e9a9dab\">Diese Website ist, sofern nicht gegebenenfalls durch bestimmte Nutzungsbedingungen geregelt, rein informativ und stellt eine Unternehmenspr\u00e4sentation unserer Produkte und Dienstleistungen dar. Daher ist ARDAIX RESORTS, S.L. ist nicht verantwortlich f\u00fcr Erwartungen jeglicher Art, die vom NUTZER geweckt werden k\u00f6nnten.<\/p>\n\n\n\n<p class=\"has-theme-dark-grey-color has-text-color has-link-color wp-elements-7b7cc614afa85393599390e2394ebd35\">Alles, was mit unserer Website zusammenh\u00e4ngt, unterliegt ausschlie\u00dflich spanischem Recht. F\u00fcr den Fall, dass zwischen den Parteien Unstimmigkeiten oder Meinungsverschiedenheiten in Bezug auf die Auslegung und den Inhalt dieser Website auftreten, unterwerfen sich alle Parteien den Gerichten und Tribunalen, die rechtlich zust\u00e4ndig sind.<\/p>\n\n\n\n<p class=\"has-theme-dark-grey-color has-text-color has-link-color wp-elements-7a585453936413021ed112d630faf001\"><strong>E. G\u00dcLTIGKEIT DER ALLGEMEINEN ZUGANGSBEDINGUNGEN ZUR WEBSITE<\/strong><\/p>\n\n\n\n<p class=\"has-theme-dark-grey-color has-text-color has-link-color wp-elements-50942852c269f0aa8b21df268b22e671\">Diese Allgemeinen Nutzungsbedingungen wurden am 12.03.2024 ge\u00e4ndert. Wir k\u00f6nnen es jederzeit \u00e4ndern: Bitte \u00fcberpr\u00fcfen Sie das Ausgabedatum jedes Mal, wenn Sie eine Verbindung zu unserer Website herstellen, damit Sie sicher sein k\u00f6nnen, dass keine \u00c4nderung vorgenommen wurde, die Sie betrifft.<\/p>\n\n\n\n<p class=\"has-theme-dark-grey-color has-text-color has-link-color wp-elements-2d2940daaa4dbe805dd1eed7517c7b50\">Bei Fragen zu den Nutzungsbedingungen unserer Website k\u00f6nnen Sie uns unter den oben angegebenen Informationen kontaktieren.<\/p>\n","protected":false},"excerpt":{"rendered":"<p>Rechtstexte Rechtlicher Hinweis Diese Website ist Eigentum von ARDAIX RESORTS, S.L., mit der NIF-Nummer B62899265 und der Adresse Ctra N-260, Em 210 (25723 El Pont&#8230;<\/p>\n","protected":false},"author":2,"featured_media":0,"parent":0,"menu_order":8,"comment_status":"closed","ping_status":"open","template":"","meta":{"_acf_changed":false,"inline_featured_image":false,"footnotes":""},"class_list":["post-2937","page","type-page","status-publish","hentry"],"acf":[],"yoast_head":"<!-- This site is optimized with the Yoast SEO plugin v25.8 - https:\/\/yoast.com\/wordpress\/plugins\/seo\/ -->\n<title>Rechtlicher Hinweis - Pont d&#039;Ardaix<\/title>\n<meta name=\"description\" content=\"Rechtstexte Rechtlicher Hinweis Reservieren Rechtstexte Rechtlicher Hinweis Diese Website ist Eigentum von ARDAIX RESORTS, S.L., mit der NIF-Nummer\" \/>\n<meta name=\"robots\" content=\"index, follow, max-snippet:-1, max-image-preview:large, max-video-preview:-1\" \/>\n<link rel=\"canonical\" href=\"https:\/\/www.pontdardaix.com\/de\/rechtlicher-hinweis\/\" \/>\n<meta property=\"og:locale\" content=\"de_DE\" \/>\n<meta property=\"og:type\" content=\"article\" \/>\n<meta property=\"og:title\" content=\"Rechtlicher Hinweis - Pont d&#039;Ardaix\" \/>\n<meta property=\"og:description\" content=\"Rechtstexte Rechtlicher Hinweis Reservieren Rechtstexte Rechtlicher Hinweis Diese Website ist Eigentum von ARDAIX RESORTS, S.L., mit der NIF-Nummer\" \/>\n<meta property=\"og:url\" content=\"https:\/\/www.pontdardaix.com\/de\/rechtlicher-hinweis\/\" \/>\n<meta property=\"og:site_name\" content=\"Pont d&#039;Ardaix\" \/>\n<meta property=\"article:modified_time\" content=\"2025-07-21T14:21:53+00:00\" \/>\n<meta property=\"og:image\" content=\"https:\/\/www.pontdardaix.com\/wp-content\/uploads\/bungalow-2pax-10-1.webp\" \/>\n\t<meta property=\"og:image:width\" content=\"2048\" \/>\n\t<meta property=\"og:image:height\" content=\"1536\" \/>\n\t<meta property=\"og:image:type\" content=\"image\/webp\" \/>\n<meta name=\"twitter:card\" content=\"summary_large_image\" \/>\n<meta name=\"twitter:label1\" content=\"Gesch\u00e4tzte Lesezeit\" \/>\n\t<meta name=\"twitter:data1\" content=\"5\u00a0Minuten\" \/>\n<!-- \/ Yoast SEO plugin. -->","yoast_head_json":{"title":"Rechtlicher Hinweis - Pont d&#039;Ardaix","description":"Rechtstexte Rechtlicher Hinweis Reservieren Rechtstexte Rechtlicher Hinweis Diese Website ist Eigentum von ARDAIX RESORTS, S.L., mit der NIF-Nummer","robots":{"index":"index","follow":"follow","max-snippet":"max-snippet:-1","max-image-preview":"max-image-preview:large","max-video-preview":"max-video-preview:-1"},"canonical":"https:\/\/www.pontdardaix.com\/de\/rechtlicher-hinweis\/","og_locale":"de_DE","og_type":"article","og_title":"Rechtlicher Hinweis - Pont d&#039;Ardaix","og_description":"Rechtstexte Rechtlicher Hinweis Reservieren Rechtstexte Rechtlicher Hinweis Diese Website ist Eigentum von ARDAIX RESORTS, S.L., mit der NIF-Nummer","og_url":"https:\/\/www.pontdardaix.com\/de\/rechtlicher-hinweis\/","og_site_name":"Pont d&#039;Ardaix","article_modified_time":"2025-07-21T14:21:53+00:00","og_image":[{"width":2048,"height":1536,"url":"https:\/\/www.pontdardaix.com\/wp-content\/uploads\/bungalow-2pax-10-1.webp","type":"image\/webp"}],"twitter_card":"summary_large_image","twitter_misc":{"Gesch\u00e4tzte Lesezeit":"5\u00a0Minuten"},"schema":{"@context":"https:\/\/schema.org","@graph":[{"@type":"WebPage","@id":"https:\/\/www.pontdardaix.com\/de\/rechtlicher-hinweis\/","url":"https:\/\/www.pontdardaix.com\/de\/rechtlicher-hinweis\/","name":"Rechtlicher Hinweis - Pont d&#039;Ardaix","isPartOf":{"@id":"https:\/\/www.pontdardaix.com\/de\/#website"},"primaryImageOfPage":{"@id":"https:\/\/www.pontdardaix.com\/de\/rechtlicher-hinweis\/#primaryimage"},"image":{"@id":"https:\/\/www.pontdardaix.com\/de\/rechtlicher-hinweis\/#primaryimage"},"thumbnailUrl":"https:\/\/www.pontdardaix.com\/wp-content\/uploads\/bungalow-2pax-10-1.webp","datePublished":"2024-07-05T11:09:38+00:00","dateModified":"2025-07-21T14:21:53+00:00","description":"Rechtstexte Rechtlicher Hinweis Reservieren Rechtstexte Rechtlicher Hinweis Diese Website ist Eigentum von ARDAIX RESORTS, S.L., mit der NIF-Nummer","breadcrumb":{"@id":"https:\/\/www.pontdardaix.com\/de\/rechtlicher-hinweis\/#breadcrumb"},"inLanguage":"de","potentialAction":[{"@type":"ReadAction","target":["https:\/\/www.pontdardaix.com\/de\/rechtlicher-hinweis\/"]}]},{"@type":"ImageObject","inLanguage":"de","@id":"https:\/\/www.pontdardaix.com\/de\/rechtlicher-hinweis\/#primaryimage","url":"https:\/\/www.pontdardaix.com\/wp-content\/uploads\/bungalow-2pax-10-1.webp","contentUrl":"https:\/\/www.pontdardaix.com\/wp-content\/uploads\/bungalow-2pax-10-1.webp"},{"@type":"BreadcrumbList","@id":"https:\/\/www.pontdardaix.com\/de\/rechtlicher-hinweis\/#breadcrumb","itemListElement":[{"@type":"ListItem","position":1,"name":"Inicio","item":"https:\/\/www.pontdardaix.com\/de\/startseite\/"},{"@type":"ListItem","position":2,"name":"Rechtlicher Hinweis"}]},{"@type":"WebSite","@id":"https:\/\/www.pontdardaix.com\/de\/#website","url":"https:\/\/www.pontdardaix.com\/de\/","name":"Pont d&#039;Ardaix","description":"Camping Pont d&#039;Ardaix Bungalows Hotel Resort","publisher":{"@id":"https:\/\/www.pontdardaix.com\/de\/#organization"},"potentialAction":[{"@type":"SearchAction","target":{"@type":"EntryPoint","urlTemplate":"https:\/\/www.pontdardaix.com\/de\/?s={search_term_string}"},"query-input":{"@type":"PropertyValueSpecification","valueRequired":true,"valueName":"search_term_string"}}],"inLanguage":"de"},{"@type":"Organization","@id":"https:\/\/www.pontdardaix.com\/de\/#organization","name":"Pont d&#039;Ardaix","url":"https:\/\/www.pontdardaix.com\/de\/","logo":{"@type":"ImageObject","inLanguage":"de","@id":"https:\/\/www.pontdardaix.com\/de\/#\/schema\/logo\/image\/","url":"https:\/\/www.pontdardaix.com\/wp-content\/uploads\/logo-camping.png","contentUrl":"https:\/\/www.pontdardaix.com\/wp-content\/uploads\/logo-camping.png","width":3172,"height":3078,"caption":"Pont d&#039;Ardaix"},"image":{"@id":"https:\/\/www.pontdardaix.com\/de\/#\/schema\/logo\/image\/"}}]}},"_links":{"self":[{"href":"https:\/\/www.pontdardaix.com\/de\/wp-json\/wp\/v2\/pages\/2937","targetHints":{"allow":["GET"]}}],"collection":[{"href":"https:\/\/www.pontdardaix.com\/de\/wp-json\/wp\/v2\/pages"}],"about":[{"href":"https:\/\/www.pontdardaix.com\/de\/wp-json\/wp\/v2\/types\/page"}],"author":[{"embeddable":true,"href":"https:\/\/www.pontdardaix.com\/de\/wp-json\/wp\/v2\/users\/2"}],"replies":[{"embeddable":true,"href":"https:\/\/www.pontdardaix.com\/de\/wp-json\/wp\/v2\/comments?post=2937"}],"version-history":[{"count":6,"href":"https:\/\/www.pontdardaix.com\/de\/wp-json\/wp\/v2\/pages\/2937\/revisions"}],"predecessor-version":[{"id":4140,"href":"https:\/\/www.pontdardaix.com\/de\/wp-json\/wp\/v2\/pages\/2937\/revisions\/4140"}],"wp:attachment":[{"href":"https:\/\/www.pontdardaix.com\/de\/wp-json\/wp\/v2\/media?parent=2937"}],"curies":[{"name":"wp","href":"https:\/\/api.w.org\/{rel}","templated":true}]}}